{"id":9345,"date":"2023-02-01T15:25:27","date_gmt":"2023-02-01T14:25:27","guid":{"rendered":"https:\/\/azigrene.es\/?page_id=9345"},"modified":"2024-01-13T11:24:03","modified_gmt":"2024-01-13T10:24:03","slug":"erdf-fund","status":"publish","type":"page","link":"https:\/\/azigrene.es\/en\/erdf-fund\/","title":{"rendered":"ERDF Fund"},"content":{"rendered":"\t\t<div data-elementor-type=\"wp-page\" data-elementor-id=\"9345\" class=\"elementor elementor-9345 elementor-7416\" data-elementor-post-type=\"page\">\n\t\t\t\t\t\t<section class=\"elementor-section elementor-top-section elementor-element elementor-element-303cee3 elementor-section-boxed elementor-section-height-default elementor-section-height-default\" data-id=\"303cee3\" data-element_type=\"section\" data-e-type=\"section\">\n\t\t\t\t\t\t<div class=\"elementor-container elementor-column-gap-default\">\n\t\t\t\t\t<div class=\"elementor-column elementor-col-100 elementor-top-column elementor-element elementor-element-4985e9df\" data-id=\"4985e9df\" data-element_type=\"column\" data-e-type=\"column\">\n\t\t\t<div class=\"elementor-widget-wrap elementor-element-populated\">\n\t\t\t\t\t\t<div class=\"elementor-element elementor-element-caf90bc elementor-widget elementor-widget-heading\" data-id=\"caf90bc\" data-element_type=\"widget\" data-e-type=\"widget\" data-widget_type=\"heading.default\">\n\t\t\t\t<div class=\"elementor-widget-container\">\n\t\t\t\t\t<h2 class=\"elementor-heading-title elementor-size-default\">PROJECT CARRIED OUT WITH THE SUPPORT OF THE VALENCIAN INSTITUTE OF BUSINESS COMPETITIVENESS THROUGH THE DIGITALIZA-CV PROGRAM<\/h2>\t\t\t\t<\/div>\n\t\t\t\t<\/div>\n\t\t\t\t\t<\/div>\n\t\t<\/div>\n\t\t\t\t\t<\/div>\n\t\t<\/section>\n\t\t\t\t<section class=\"elementor-section elementor-top-section elementor-element elementor-element-75ccc9a0 elementor-section-boxed elementor-section-height-default elementor-section-height-default\" data-id=\"75ccc9a0\" data-element_type=\"section\" data-e-type=\"section\">\n\t\t\t\t\t\t<div class=\"elementor-container elementor-column-gap-default\">\n\t\t\t\t\t<div class=\"elementor-column elementor-col-100 elementor-top-column elementor-element elementor-element-4d6c1713\" data-id=\"4d6c1713\" data-element_type=\"column\" data-e-type=\"column\">\n\t\t\t<div class=\"elementor-widget-wrap elementor-element-populated\">\n\t\t\t\t\t\t<div class=\"elementor-element elementor-element-28ac9381 elementor-widget elementor-widget-text-editor\" data-id=\"28ac9381\" data-element_type=\"widget\" data-e-type=\"widget\" data-widget_type=\"text-editor.default\">\n\t\t\t\t<div class=\"elementor-widget-container\">\n\t\t\t\t\t\t\t\t\t<p><strong>PROGRAM:\u00a0 <\/strong>PROYECTOS DE DIGITALIZACI\u00d3N DE PYME (DIGITALIZA-CV)<\/p><p><strong>TITLE:\u00a0 <\/strong>PLAN DE DIGITALIZACI\u00d3N DE LA EMPRESA AZIGRENE CONSULTORES PARA 2022<\/p><p><strong>OBJECTIVE: <\/strong>Implantaci\u00f3n y puesta en marcha de un nuevo software ERP para la contabilidad anal\u00edtica de la empresa.<\/p><p><strong>DOSSIER: <\/strong>IMDIGA\/2022\/455<\/p><p><strong>GRANT AWARDED: <\/strong>9.540,00 \u20ac<\/p>\t\t\t\t\t\t\t\t<\/div>\n\t\t\t\t<\/div>\n\t\t\t\t\t<\/div>\n\t\t<\/div>\n\t\t\t\t\t<\/div>\n\t\t<\/section>\n\t\t\t\t<section class=\"elementor-section elementor-top-section elementor-element elementor-element-7ad50f6a elementor-section-content-middle elementor-hidden-mobile elementor-section-boxed elementor-section-height-default elementor-section-height-default\" data-id=\"7ad50f6a\" data-element_type=\"section\" data-e-type=\"section\">\n\t\t\t\t\t\t<div class=\"elementor-container elementor-column-gap-default\">\n\t\t\t\t\t<div class=\"elementor-column elementor-col-50 elementor-top-column elementor-element elementor-element-20d340e0\" data-id=\"20d340e0\" data-element_type=\"column\" data-e-type=\"column\" data-settings=\"{&quot;background_background&quot;:&quot;classic&quot;}\">\n\t\t\t<div class=\"elementor-widget-wrap elementor-element-populated\">\n\t\t\t\t\t\t<div class=\"elementor-element elementor-element-3742602a elementor-hidden-mobile elementor-widget elementor-widget-image\" data-id=\"3742602a\" data-element_type=\"widget\" data-e-type=\"widget\" data-widget_type=\"image.default\">\n\t\t\t\t<div class=\"elementor-widget-container\">\n\t\t\t\t\t\t\t\t\t\t\t\t\t\t\t<img fetchpriority=\"high\" decoding=\"async\" width=\"668\" height=\"150\" src=\"https:\/\/azigrene.es\/wp-content\/uploads\/2023\/02\/logo-feder.jpg\" class=\"attachment-full size-full wp-image-9107\" alt=\"\" srcset=\"https:\/\/azigrene.es\/wp-content\/uploads\/2023\/02\/logo-feder.jpg 668w, https:\/\/azigrene.es\/wp-content\/uploads\/2023\/02\/logo-feder-300x67.jpg 300w\" sizes=\"(max-width: 668px) 100vw, 668px\" \/>\t\t\t\t\t\t\t\t\t\t\t\t\t\t\t<\/div>\n\t\t\t\t<\/div>\n\t\t\t\t\t<\/div>\n\t\t<\/div>\n\t\t\t\t<div class=\"elementor-column elementor-col-25 elementor-top-column elementor-element elementor-element-3ec1b6e1\" data-id=\"3ec1b6e1\" data-element_type=\"column\" data-e-type=\"column\" data-settings=\"{&quot;background_background&quot;:&quot;classic&quot;}\">\n\t\t\t<div class=\"elementor-widget-wrap elementor-element-populated\">\n\t\t\t\t\t\t<div class=\"elementor-element elementor-element-974871d elementor-widget elementor-widget-image\" data-id=\"974871d\" data-element_type=\"widget\" data-e-type=\"widget\" data-widget_type=\"image.default\">\n\t\t\t\t<div class=\"elementor-widget-container\">\n\t\t\t\t\t\t\t\t\t\t\t\t\t\t\t<img decoding=\"async\" width=\"300\" height=\"150\" src=\"https:\/\/azigrene.es\/wp-content\/uploads\/2023\/02\/logo-gva-trans.png\" class=\"attachment-full size-full wp-image-9108\" alt=\"\" \/>\t\t\t\t\t\t\t\t\t\t\t\t\t\t\t<\/div>\n\t\t\t\t<\/div>\n\t\t\t\t\t<\/div>\n\t\t<\/div>\n\t\t\t\t<div class=\"elementor-column elementor-col-25 elementor-top-column elementor-element elementor-element-7ff85881\" data-id=\"7ff85881\" data-element_type=\"column\" data-e-type=\"column\" data-settings=\"{&quot;background_background&quot;:&quot;classic&quot;}\">\n\t\t\t<div class=\"elementor-widget-wrap elementor-element-populated\">\n\t\t\t\t\t\t<div class=\"elementor-element elementor-element-7d50b55e elementor-widget elementor-widget-image\" data-id=\"7d50b55e\" data-element_type=\"widget\" data-e-type=\"widget\" data-widget_type=\"image.default\">\n\t\t\t\t<div class=\"elementor-widget-container\">\n\t\t\t\t\t\t\t\t\t\t\t\t\t\t\t<img decoding=\"async\" width=\"250\" height=\"150\" src=\"https:\/\/azigrene.es\/wp-content\/uploads\/2023\/02\/logo-ivace-transp.png\" class=\"attachment-full size-full wp-image-9109\" alt=\"\" \/>\t\t\t\t\t\t\t\t\t\t\t\t\t\t\t<\/div>\n\t\t\t\t<\/div>\n\t\t\t\t\t<\/div>\n\t\t<\/div>\n\t\t\t\t\t<\/div>\n\t\t<\/section>\n\t\t\t\t<section class=\"elementor-section elementor-top-section elementor-element elementor-element-287f8fc3 elementor-section-content-middle elementor-hidden-desktop elementor-hidden-tablet elementor-section-boxed elementor-section-height-default elementor-section-height-default\" data-id=\"287f8fc3\" data-element_type=\"section\" data-e-type=\"section\">\n\t\t\t\t\t\t<div class=\"elementor-container elementor-column-gap-default\">\n\t\t\t\t\t<div class=\"elementor-column elementor-col-50 elementor-top-column elementor-element elementor-element-2093222a\" data-id=\"2093222a\" data-element_type=\"column\" data-e-type=\"column\" data-settings=\"{&quot;background_background&quot;:&quot;classic&quot;}\">\n\t\t\t<div class=\"elementor-widget-wrap elementor-element-populated\">\n\t\t\t\t\t\t<div class=\"elementor-element elementor-element-2ccf0503 elementor-hidden-desktop elementor-hidden-tablet elementor-widget elementor-widget-image\" data-id=\"2ccf0503\" data-element_type=\"widget\" data-e-type=\"widget\" data-widget_type=\"image.default\">\n\t\t\t\t<div class=\"elementor-widget-container\">\n\t\t\t\t\t\t\t\t\t\t\t\t\t\t\t<img loading=\"lazy\" decoding=\"async\" width=\"393\" height=\"217\" src=\"https:\/\/azigrene.es\/wp-content\/uploads\/2023\/02\/logo-feder-mobile.jpg\" class=\"attachment-full size-full wp-image-9110\" alt=\"\" srcset=\"https:\/\/azigrene.es\/wp-content\/uploads\/2023\/02\/logo-feder-mobile.jpg 393w, https:\/\/azigrene.es\/wp-content\/uploads\/2023\/02\/logo-feder-mobile-300x166.jpg 300w\" sizes=\"(max-width: 393px) 100vw, 393px\" \/>\t\t\t\t\t\t\t\t\t\t\t\t\t\t\t<\/div>\n\t\t\t\t<\/div>\n\t\t\t\t\t<\/div>\n\t\t<\/div>\n\t\t\t\t<div class=\"elementor-column elementor-col-25 elementor-top-column elementor-element elementor-element-7b344a36\" data-id=\"7b344a36\" data-element_type=\"column\" data-e-type=\"column\" data-settings=\"{&quot;background_background&quot;:&quot;classic&quot;}\">\n\t\t\t<div class=\"elementor-widget-wrap elementor-element-populated\">\n\t\t\t\t\t\t<div class=\"elementor-element elementor-element-5ede0820 elementor-widget elementor-widget-image\" data-id=\"5ede0820\" data-element_type=\"widget\" data-e-type=\"widget\" data-widget_type=\"image.default\">\n\t\t\t\t<div class=\"elementor-widget-container\">\n\t\t\t\t\t\t\t\t\t\t\t\t\t\t\t<img decoding=\"async\" width=\"300\" height=\"150\" src=\"https:\/\/azigrene.es\/wp-content\/uploads\/2023\/02\/logo-gva-trans.png\" class=\"attachment-full size-full wp-image-9108\" alt=\"\" \/>\t\t\t\t\t\t\t\t\t\t\t\t\t\t\t<\/div>\n\t\t\t\t<\/div>\n\t\t\t\t\t<\/div>\n\t\t<\/div>\n\t\t\t\t<div class=\"elementor-column elementor-col-25 elementor-top-column elementor-element elementor-element-552dadc2\" data-id=\"552dadc2\" data-element_type=\"column\" data-e-type=\"column\" data-settings=\"{&quot;background_background&quot;:&quot;classic&quot;}\">\n\t\t\t<div class=\"elementor-widget-wrap elementor-element-populated\">\n\t\t\t\t\t\t<div class=\"elementor-element elementor-element-2887cc1a elementor-widget elementor-widget-image\" data-id=\"2887cc1a\" data-element_type=\"widget\" data-e-type=\"widget\" data-widget_type=\"image.default\">\n\t\t\t\t<div class=\"elementor-widget-container\">\n\t\t\t\t\t\t\t\t\t\t\t\t\t\t\t<img decoding=\"async\" width=\"250\" height=\"150\" src=\"https:\/\/azigrene.es\/wp-content\/uploads\/2023\/02\/logo-ivace-transp.png\" class=\"attachment-full size-full wp-image-9109\" alt=\"\" \/>\t\t\t\t\t\t\t\t\t\t\t\t\t\t\t<\/div>\n\t\t\t\t<\/div>\n\t\t\t\t\t<\/div>\n\t\t<\/div>\n\t\t\t\t\t<\/div>\n\t\t<\/section>\n\t\t\t\t<\/div>\n\t\t","protected":false},"excerpt":{"rendered":"<p>PROJECT CARRIED OUT WITH THE SUPPORT OF THE VALENCIAN INSTITUTE OF BUSINESS COMPETITIVENESS THROUGH THE DIGITALIZA-CV PROGRAM PROGRAM:\u00a0 PROYECTOS DE DIGITALIZACI\u00d3N DE PYME (DIGITALIZA-CV) TITLE:\u00a0 PLAN DE DIGITALIZACI\u00d3N DE LA EMPRESA AZIGRENE CONSULTORES PARA 2022 OBJECTIVE: Implantaci\u00f3n y puesta en marcha de un nuevo software ERP para la contabilidad anal\u00edtica de la empresa. DOSSIER: IMDIGA\/2022\/455&hellip;<\/p>\n","protected":false},"author":2,"featured_media":0,"parent":0,"menu_order":0,"comment_status":"closed","ping_status":"closed","template":"","meta":{"content-type":"","footnotes":""},"class_list":["post-9345","page","type-page","status-publish","hentry"],"yoast_head":"<!-- This site is optimized with the Yoast SEO plugin v27.4 - https:\/\/yoast.com\/product\/yoast-seo-wordpress\/ -->\n<title>Projects ERDF Fund | Azigrene<\/title>\n<meta name=\"description\" content=\"Projects carried out with the support of the Valencian Institute of Business Competitiveness, the Generalitat Valenciana and ERDF Fund.\" \/>\n<meta name=\"robots\" content=\"noindex, nofollow\" \/>\n<meta property=\"og:locale\" content=\"en_US\" \/>\n<meta property=\"og:type\" content=\"article\" \/>\n<meta property=\"og:title\" content=\"Projects ERDF Fund | Azigrene\" \/>\n<meta property=\"og:description\" content=\"Projects carried out with the support of the Valencian Institute of Business Competitiveness, the Generalitat Valenciana and ERDF Fund.\" \/>\n<meta property=\"og:url\" content=\"https:\/\/azigrene.es\/en\/erdf-fund\/\" \/>\n<meta property=\"og:site_name\" content=\"Azigrene\" \/>\n<meta property=\"article:modified_time\" content=\"2024-01-13T10:24:03+00:00\" \/>\n<meta property=\"og:image\" content=\"https:\/\/azigrene.es\/wp-content\/uploads\/2023\/02\/logo-feder.jpg\" \/>\n<meta name=\"twitter:card\" content=\"summary_large_image\" \/>\n<script type=\"application\/ld+json\" class=\"yoast-schema-graph\">{\"@context\":\"https:\\\/\\\/schema.org\",\"@graph\":[{\"@type\":\"WebPage\",\"@id\":\"https:\\\/\\\/azigrene.es\\\/en\\\/erdf-fund\\\/\",\"url\":\"https:\\\/\\\/azigrene.es\\\/en\\\/erdf-fund\\\/\",\"name\":\"Projects ERDF Fund | Azigrene\",\"isPartOf\":{\"@id\":\"https:\\\/\\\/azigrene.es\\\/en\\\/#website\"},\"primaryImageOfPage\":{\"@id\":\"https:\\\/\\\/azigrene.es\\\/en\\\/erdf-fund\\\/#primaryimage\"},\"image\":{\"@id\":\"https:\\\/\\\/azigrene.es\\\/en\\\/erdf-fund\\\/#primaryimage\"},\"thumbnailUrl\":\"https:\\\/\\\/azigrene.es\\\/wp-content\\\/uploads\\\/2023\\\/02\\\/logo-feder.jpg\",\"datePublished\":\"2023-02-01T14:25:27+00:00\",\"dateModified\":\"2024-01-13T10:24:03+00:00\",\"description\":\"Projects carried out with the support of the Valencian Institute of Business Competitiveness, the Generalitat Valenciana and ERDF Fund.\",\"breadcrumb\":{\"@id\":\"https:\\\/\\\/azigrene.es\\\/en\\\/erdf-fund\\\/#breadcrumb\"},\"inLanguage\":\"en-US\",\"potentialAction\":[{\"@type\":\"ReadAction\",\"target\":[\"https:\\\/\\\/azigrene.es\\\/en\\\/erdf-fund\\\/\"]}]},{\"@type\":\"ImageObject\",\"inLanguage\":\"en-US\",\"@id\":\"https:\\\/\\\/azigrene.es\\\/en\\\/erdf-fund\\\/#primaryimage\",\"url\":\"https:\\\/\\\/azigrene.es\\\/wp-content\\\/uploads\\\/2023\\\/02\\\/logo-feder.jpg\",\"contentUrl\":\"https:\\\/\\\/azigrene.es\\\/wp-content\\\/uploads\\\/2023\\\/02\\\/logo-feder.jpg\"},{\"@type\":\"BreadcrumbList\",\"@id\":\"https:\\\/\\\/azigrene.es\\\/en\\\/erdf-fund\\\/#breadcrumb\",\"itemListElement\":[{\"@type\":\"ListItem\",\"position\":1,\"name\":\"Portada\",\"item\":\"https:\\\/\\\/azigrene.es\\\/en\\\/\"},{\"@type\":\"ListItem\",\"position\":2,\"name\":\"ERDF Fund\"}]},{\"@type\":\"WebSite\",\"@id\":\"https:\\\/\\\/azigrene.es\\\/en\\\/#website\",\"url\":\"https:\\\/\\\/azigrene.es\\\/en\\\/\",\"name\":\"Azigrene\",\"description\":\"\",\"publisher\":{\"@id\":\"https:\\\/\\\/azigrene.es\\\/en\\\/#organization\"},\"potentialAction\":[{\"@type\":\"SearchAction\",\"target\":{\"@type\":\"EntryPoint\",\"urlTemplate\":\"https:\\\/\\\/azigrene.es\\\/en\\\/?s={search_term_string}\"},\"query-input\":{\"@type\":\"PropertyValueSpecification\",\"valueRequired\":true,\"valueName\":\"search_term_string\"}}],\"inLanguage\":\"en-US\"},{\"@type\":\"Organization\",\"@id\":\"https:\\\/\\\/azigrene.es\\\/en\\\/#organization\",\"name\":\"Azigrene\",\"url\":\"https:\\\/\\\/azigrene.es\\\/en\\\/\",\"logo\":{\"@type\":\"ImageObject\",\"inLanguage\":\"en-US\",\"@id\":\"https:\\\/\\\/azigrene.es\\\/en\\\/#\\\/schema\\\/logo\\\/image\\\/\",\"url\":\"https:\\\/\\\/azigrene.es\\\/wp-content\\\/uploads\\\/2022\\\/06\\\/empresa-logo.png\",\"contentUrl\":\"https:\\\/\\\/azigrene.es\\\/wp-content\\\/uploads\\\/2022\\\/06\\\/empresa-logo.png\",\"width\":270,\"height\":72,\"caption\":\"Azigrene\"},\"image\":{\"@id\":\"https:\\\/\\\/azigrene.es\\\/en\\\/#\\\/schema\\\/logo\\\/image\\\/\"}}]}<\/script>\n<!-- \/ Yoast SEO plugin. -->","yoast_head_json":{"title":"Projects ERDF Fund | Azigrene","description":"Projects carried out with the support of the Valencian Institute of Business Competitiveness, the Generalitat Valenciana and ERDF Fund.","robots":{"index":"noindex","follow":"nofollow"},"og_locale":"en_US","og_type":"article","og_title":"Projects ERDF Fund | Azigrene","og_description":"Projects carried out with the support of the Valencian Institute of Business Competitiveness, the Generalitat Valenciana and ERDF Fund.","og_url":"https:\/\/azigrene.es\/en\/erdf-fund\/","og_site_name":"Azigrene","article_modified_time":"2024-01-13T10:24:03+00:00","og_image":[{"url":"https:\/\/azigrene.es\/wp-content\/uploads\/2023\/02\/logo-feder.jpg","type":"","width":"","height":""}],"twitter_card":"summary_large_image","schema":{"@context":"https:\/\/schema.org","@graph":[{"@type":"WebPage","@id":"https:\/\/azigrene.es\/en\/erdf-fund\/","url":"https:\/\/azigrene.es\/en\/erdf-fund\/","name":"Projects ERDF Fund | Azigrene","isPartOf":{"@id":"https:\/\/azigrene.es\/en\/#website"},"primaryImageOfPage":{"@id":"https:\/\/azigrene.es\/en\/erdf-fund\/#primaryimage"},"image":{"@id":"https:\/\/azigrene.es\/en\/erdf-fund\/#primaryimage"},"thumbnailUrl":"https:\/\/azigrene.es\/wp-content\/uploads\/2023\/02\/logo-feder.jpg","datePublished":"2023-02-01T14:25:27+00:00","dateModified":"2024-01-13T10:24:03+00:00","description":"Projects carried out with the support of the Valencian Institute of Business Competitiveness, the Generalitat Valenciana and ERDF Fund.","breadcrumb":{"@id":"https:\/\/azigrene.es\/en\/erdf-fund\/#breadcrumb"},"inLanguage":"en-US","potentialAction":[{"@type":"ReadAction","target":["https:\/\/azigrene.es\/en\/erdf-fund\/"]}]},{"@type":"ImageObject","inLanguage":"en-US","@id":"https:\/\/azigrene.es\/en\/erdf-fund\/#primaryimage","url":"https:\/\/azigrene.es\/wp-content\/uploads\/2023\/02\/logo-feder.jpg","contentUrl":"https:\/\/azigrene.es\/wp-content\/uploads\/2023\/02\/logo-feder.jpg"},{"@type":"BreadcrumbList","@id":"https:\/\/azigrene.es\/en\/erdf-fund\/#breadcrumb","itemListElement":[{"@type":"ListItem","position":1,"name":"Portada","item":"https:\/\/azigrene.es\/en\/"},{"@type":"ListItem","position":2,"name":"ERDF Fund"}]},{"@type":"WebSite","@id":"https:\/\/azigrene.es\/en\/#website","url":"https:\/\/azigrene.es\/en\/","name":"Azigrene","description":"","publisher":{"@id":"https:\/\/azigrene.es\/en\/#organization"},"potentialAction":[{"@type":"SearchAction","target":{"@type":"EntryPoint","urlTemplate":"https:\/\/azigrene.es\/en\/?s={search_term_string}"},"query-input":{"@type":"PropertyValueSpecification","valueRequired":true,"valueName":"search_term_string"}}],"inLanguage":"en-US"},{"@type":"Organization","@id":"https:\/\/azigrene.es\/en\/#organization","name":"Azigrene","url":"https:\/\/azigrene.es\/en\/","logo":{"@type":"ImageObject","inLanguage":"en-US","@id":"https:\/\/azigrene.es\/en\/#\/schema\/logo\/image\/","url":"https:\/\/azigrene.es\/wp-content\/uploads\/2022\/06\/empresa-logo.png","contentUrl":"https:\/\/azigrene.es\/wp-content\/uploads\/2022\/06\/empresa-logo.png","width":270,"height":72,"caption":"Azigrene"},"image":{"@id":"https:\/\/azigrene.es\/en\/#\/schema\/logo\/image\/"}}]}},"_links":{"self":[{"href":"https:\/\/azigrene.es\/en\/wp-json\/wp\/v2\/pages\/9345","targetHints":{"allow":["GET"]}}],"collection":[{"href":"https:\/\/azigrene.es\/en\/wp-json\/wp\/v2\/pages"}],"about":[{"href":"https:\/\/azigrene.es\/en\/wp-json\/wp\/v2\/types\/page"}],"author":[{"embeddable":true,"href":"https:\/\/azigrene.es\/en\/wp-json\/wp\/v2\/users\/2"}],"replies":[{"embeddable":true,"href":"https:\/\/azigrene.es\/en\/wp-json\/wp\/v2\/comments?post=9345"}],"version-history":[{"count":0,"href":"https:\/\/azigrene.es\/en\/wp-json\/wp\/v2\/pages\/9345\/revisions"}],"wp:attachment":[{"href":"https:\/\/azigrene.es\/en\/wp-json\/wp\/v2\/media?parent=9345"}],"curies":[{"name":"wp","href":"https:\/\/api.w.org\/{rel}","templated":true}]}}