{"id":9350,"date":"2023-09-20T15:28:32","date_gmt":"2023-09-20T13:28:32","guid":{"rendered":"https:\/\/azigrene.es\/?page_id=9350"},"modified":"2024-01-13T11:32:18","modified_gmt":"2024-01-13T10:32:18","slug":"innovateic-cv","status":"publish","type":"page","link":"https:\/\/azigrene.es\/en\/innovateic-cv\/","title":{"rendered":"INNOVATeiC-CV"},"content":{"rendered":"\t\t<div data-elementor-type=\"wp-page\" data-elementor-id=\"9350\" class=\"elementor elementor-9350 elementor-8034\" data-elementor-post-type=\"page\">\n\t\t\t\t\t\t<section class=\"elementor-section elementor-top-section elementor-element elementor-element-303cee3 elementor-section-boxed elementor-section-height-default elementor-section-height-default\" data-id=\"303cee3\" data-element_type=\"section\" data-e-type=\"section\">\n\t\t\t\t\t\t<div class=\"elementor-container elementor-column-gap-default\">\n\t\t\t\t\t<div class=\"elementor-column elementor-col-100 elementor-top-column elementor-element elementor-element-4985e9df\" data-id=\"4985e9df\" data-element_type=\"column\" data-e-type=\"column\">\n\t\t\t<div class=\"elementor-widget-wrap elementor-element-populated\">\n\t\t\t\t\t\t<div class=\"elementor-element elementor-element-caf90bc elementor-widget elementor-widget-heading\" data-id=\"caf90bc\" data-element_type=\"widget\" data-e-type=\"widget\" data-widget_type=\"heading.default\">\n\t\t\t\t<div class=\"elementor-widget-container\">\n\t\t\t\t\t<h2 class=\"elementor-heading-title elementor-size-default\">PROJECT CARRIED OUT WITH THE HELP OF THE VALENCIAN INSTITUTE OF BUSINESS COMPETITIVENESS UNDER THE SME INNOVATION ACTION. INNOVATION AT TEICS (INNOVATeiC-CV)<\/h2>\t\t\t\t<\/div>\n\t\t\t\t<\/div>\n\t\t\t\t\t<\/div>\n\t\t<\/div>\n\t\t\t\t\t<\/div>\n\t\t<\/section>\n\t\t\t\t<section class=\"elementor-section elementor-top-section elementor-element elementor-element-75ccc9a0 elementor-section-boxed elementor-section-height-default elementor-section-height-default\" data-id=\"75ccc9a0\" data-element_type=\"section\" data-e-type=\"section\">\n\t\t\t\t\t\t<div class=\"elementor-container elementor-column-gap-default\">\n\t\t\t\t\t<div class=\"elementor-column elementor-col-100 elementor-top-column elementor-element elementor-element-4d6c1713\" data-id=\"4d6c1713\" data-element_type=\"column\" data-e-type=\"column\">\n\t\t\t<div class=\"elementor-widget-wrap elementor-element-populated\">\n\t\t\t\t\t\t<div class=\"elementor-element elementor-element-28ac9381 elementor-widget elementor-widget-text-editor\" data-id=\"28ac9381\" data-element_type=\"widget\" data-e-type=\"widget\" data-widget_type=\"text-editor.default\">\n\t\t\t\t<div class=\"elementor-widget-container\">\n\t\t\t\t\t\t\t\t\t<p><strong>T\u00cdTle: <\/strong>Desarrollo de una aplicaci\u00f3n inform\u00e1tica para el seguimiento y c\u00e1lculo avanzado de la huella de carbono de organizaciones multisite.<\/p><p><strong>DOSSIER: <\/strong>IMINOD\/2022\/125.<\/p><p><strong>OBJECTIVE: <\/strong>Desarrollar una nueva herramienta inform\u00e1tica que permita simplificar la recopilaci\u00f3n y archivar el hist\u00f3rico de los datos necesarios de manera autom\u00e1tica para el c\u00e1lculo de la huella de carbono y emisiones para cualquier tipo de organizaci\u00f3n.<\/p><p><strong>AID RECEIVED FOR THE IMPLEMENTATION OF THE PROJECT: <\/strong>40.396,50\u00a0\u20ac<\/p>\t\t\t\t\t\t\t\t<\/div>\n\t\t\t\t<\/div>\n\t\t\t\t\t<\/div>\n\t\t<\/div>\n\t\t\t\t\t<\/div>\n\t\t<\/section>\n\t\t\t\t<section class=\"elementor-section elementor-top-section elementor-element elementor-element-21c67d1 elementor-section-boxed elementor-section-height-default elementor-section-height-default\" data-id=\"21c67d1\" data-element_type=\"section\" data-e-type=\"section\" data-settings=\"{&quot;background_background&quot;:&quot;classic&quot;}\">\n\t\t\t\t\t\t<div class=\"elementor-container elementor-column-gap-default\">\n\t\t\t\t\t<div class=\"elementor-column elementor-col-50 elementor-top-column elementor-element elementor-element-f998636\" data-id=\"f998636\" data-element_type=\"column\" data-e-type=\"column\">\n\t\t\t<div class=\"elementor-widget-wrap elementor-element-populated\">\n\t\t\t\t\t\t<div class=\"elementor-element elementor-element-974871d elementor-widget elementor-widget-image\" data-id=\"974871d\" data-element_type=\"widget\" data-e-type=\"widget\" data-widget_type=\"image.default\">\n\t\t\t\t<div class=\"elementor-widget-container\">\n\t\t\t\t\t\t\t\t\t\t\t\t\t\t\t<img fetchpriority=\"high\" decoding=\"async\" width=\"550\" height=\"150\" src=\"https:\/\/azigrene.es\/wp-content\/uploads\/2023\/09\/logo-GVA-IVACE.png\" class=\"attachment-full size-full wp-image-9252\" alt=\"\" srcset=\"https:\/\/azigrene.es\/wp-content\/uploads\/2023\/09\/logo-GVA-IVACE.png 550w, https:\/\/azigrene.es\/wp-content\/uploads\/2023\/09\/logo-GVA-IVACE-300x82.png 300w\" sizes=\"(max-width: 550px) 100vw, 550px\" \/>\t\t\t\t\t\t\t\t\t\t\t\t\t\t\t<\/div>\n\t\t\t\t<\/div>\n\t\t\t\t\t<\/div>\n\t\t<\/div>\n\t\t\t\t<div class=\"elementor-column elementor-col-50 elementor-top-column elementor-element elementor-element-a73101d\" data-id=\"a73101d\" data-element_type=\"column\" data-e-type=\"column\">\n\t\t\t<div class=\"elementor-widget-wrap elementor-element-populated\">\n\t\t\t\t\t\t<div class=\"elementor-element elementor-element-2def2f0 elementor-widget elementor-widget-image\" data-id=\"2def2f0\" data-element_type=\"widget\" data-e-type=\"widget\" data-widget_type=\"image.default\">\n\t\t\t\t<div class=\"elementor-widget-container\">\n\t\t\t\t\t\t\t\t\t\t\t\t\t\t\t<img decoding=\"async\" width=\"550\" height=\"150\" src=\"https:\/\/azigrene.es\/wp-content\/uploads\/2023\/09\/logo-cofinanciat-ue.png\" class=\"attachment-full size-full wp-image-9253\" alt=\"\" srcset=\"https:\/\/azigrene.es\/wp-content\/uploads\/2023\/09\/logo-cofinanciat-ue.png 550w, https:\/\/azigrene.es\/wp-content\/uploads\/2023\/09\/logo-cofinanciat-ue-300x82.png 300w\" sizes=\"(max-width: 550px) 100vw, 550px\" \/>\t\t\t\t\t\t\t\t\t\t\t\t\t\t\t<\/div>\n\t\t\t\t<\/div>\n\t\t\t\t\t<\/div>\n\t\t<\/div>\n\t\t\t\t\t<\/div>\n\t\t<\/section>\n\t\t\t\t<\/div>\n\t\t","protected":false},"excerpt":{"rendered":"<p>PROJECT CARRIED OUT WITH THE HELP OF THE VALENCIAN INSTITUTE OF BUSINESS COMPETITIVENESS UNDER THE SME INNOVATION ACTION. INNOVATION AT TEICS (INNOVATeiC-CV) T\u00cdTle: Desarrollo de una aplicaci\u00f3n inform\u00e1tica para el seguimiento y c\u00e1lculo avanzado de la huella de carbono de organizaciones multisite. DOSSIER: IMINOD\/2022\/125. OBJECTIVE: Desarrollar una nueva herramienta inform\u00e1tica que permita simplificar la recopilaci\u00f3n&hellip;<\/p>\n","protected":false},"author":2,"featured_media":0,"parent":0,"menu_order":0,"comment_status":"closed","ping_status":"closed","template":"","meta":{"content-type":"","footnotes":""},"class_list":["post-9350","page","type-page","status-publish","hentry"],"yoast_head":"<!-- This site is optimized with the Yoast SEO plugin v27.4 - https:\/\/yoast.com\/product\/yoast-seo-wordpress\/ -->\n<title>INNOVATeiC-CVR | Azigrene<\/title>\n<meta name=\"description\" content=\"Project carried out with the help of the Valencian Institute of Business Competitiveness under the SME Innovation action.\" \/>\n<meta name=\"robots\" content=\"noindex, nofollow\" \/>\n<meta property=\"og:locale\" content=\"en_US\" \/>\n<meta property=\"og:type\" content=\"article\" \/>\n<meta property=\"og:title\" content=\"INNOVATeiC-CVR | Azigrene\" \/>\n<meta property=\"og:description\" content=\"Project carried out with the help of the Valencian Institute of Business Competitiveness under the SME Innovation action.\" \/>\n<meta property=\"og:url\" content=\"https:\/\/azigrene.es\/en\/innovateic-cv\/\" \/>\n<meta property=\"og:site_name\" content=\"Azigrene\" \/>\n<meta property=\"article:modified_time\" content=\"2024-01-13T10:32:18+00:00\" \/>\n<meta property=\"og:image\" content=\"https:\/\/azigrene.es\/wp-content\/uploads\/2023\/09\/logo-GVA-IVACE.png\" \/>\n<meta name=\"twitter:card\" content=\"summary_large_image\" \/>\n<script type=\"application\/ld+json\" class=\"yoast-schema-graph\">{\"@context\":\"https:\\\/\\\/schema.org\",\"@graph\":[{\"@type\":\"WebPage\",\"@id\":\"https:\\\/\\\/azigrene.es\\\/en\\\/innovateic-cv\\\/\",\"url\":\"https:\\\/\\\/azigrene.es\\\/en\\\/innovateic-cv\\\/\",\"name\":\"INNOVATeiC-CVR | Azigrene\",\"isPartOf\":{\"@id\":\"https:\\\/\\\/azigrene.es\\\/en\\\/#website\"},\"primaryImageOfPage\":{\"@id\":\"https:\\\/\\\/azigrene.es\\\/en\\\/innovateic-cv\\\/#primaryimage\"},\"image\":{\"@id\":\"https:\\\/\\\/azigrene.es\\\/en\\\/innovateic-cv\\\/#primaryimage\"},\"thumbnailUrl\":\"https:\\\/\\\/azigrene.es\\\/wp-content\\\/uploads\\\/2023\\\/09\\\/logo-GVA-IVACE.png\",\"datePublished\":\"2023-09-20T13:28:32+00:00\",\"dateModified\":\"2024-01-13T10:32:18+00:00\",\"description\":\"Project carried out with the help of the Valencian Institute of Business Competitiveness under the SME Innovation action.\",\"breadcrumb\":{\"@id\":\"https:\\\/\\\/azigrene.es\\\/en\\\/innovateic-cv\\\/#breadcrumb\"},\"inLanguage\":\"en-US\",\"potentialAction\":[{\"@type\":\"ReadAction\",\"target\":[\"https:\\\/\\\/azigrene.es\\\/en\\\/innovateic-cv\\\/\"]}]},{\"@type\":\"ImageObject\",\"inLanguage\":\"en-US\",\"@id\":\"https:\\\/\\\/azigrene.es\\\/en\\\/innovateic-cv\\\/#primaryimage\",\"url\":\"https:\\\/\\\/azigrene.es\\\/wp-content\\\/uploads\\\/2023\\\/09\\\/logo-GVA-IVACE.png\",\"contentUrl\":\"https:\\\/\\\/azigrene.es\\\/wp-content\\\/uploads\\\/2023\\\/09\\\/logo-GVA-IVACE.png\"},{\"@type\":\"BreadcrumbList\",\"@id\":\"https:\\\/\\\/azigrene.es\\\/en\\\/innovateic-cv\\\/#breadcrumb\",\"itemListElement\":[{\"@type\":\"ListItem\",\"position\":1,\"name\":\"Portada\",\"item\":\"https:\\\/\\\/azigrene.es\\\/en\\\/\"},{\"@type\":\"ListItem\",\"position\":2,\"name\":\"INNOVATeiC-CV\"}]},{\"@type\":\"WebSite\",\"@id\":\"https:\\\/\\\/azigrene.es\\\/en\\\/#website\",\"url\":\"https:\\\/\\\/azigrene.es\\\/en\\\/\",\"name\":\"Azigrene\",\"description\":\"\",\"publisher\":{\"@id\":\"https:\\\/\\\/azigrene.es\\\/en\\\/#organization\"},\"potentialAction\":[{\"@type\":\"SearchAction\",\"target\":{\"@type\":\"EntryPoint\",\"urlTemplate\":\"https:\\\/\\\/azigrene.es\\\/en\\\/?s={search_term_string}\"},\"query-input\":{\"@type\":\"PropertyValueSpecification\",\"valueRequired\":true,\"valueName\":\"search_term_string\"}}],\"inLanguage\":\"en-US\"},{\"@type\":\"Organization\",\"@id\":\"https:\\\/\\\/azigrene.es\\\/en\\\/#organization\",\"name\":\"Azigrene\",\"url\":\"https:\\\/\\\/azigrene.es\\\/en\\\/\",\"logo\":{\"@type\":\"ImageObject\",\"inLanguage\":\"en-US\",\"@id\":\"https:\\\/\\\/azigrene.es\\\/en\\\/#\\\/schema\\\/logo\\\/image\\\/\",\"url\":\"https:\\\/\\\/azigrene.es\\\/wp-content\\\/uploads\\\/2022\\\/06\\\/empresa-logo.png\",\"contentUrl\":\"https:\\\/\\\/azigrene.es\\\/wp-content\\\/uploads\\\/2022\\\/06\\\/empresa-logo.png\",\"width\":270,\"height\":72,\"caption\":\"Azigrene\"},\"image\":{\"@id\":\"https:\\\/\\\/azigrene.es\\\/en\\\/#\\\/schema\\\/logo\\\/image\\\/\"}}]}<\/script>\n<!-- \/ Yoast SEO plugin. -->","yoast_head_json":{"title":"INNOVATeiC-CVR | Azigrene","description":"Project carried out with the help of the Valencian Institute of Business Competitiveness under the SME Innovation action.","robots":{"index":"noindex","follow":"nofollow"},"og_locale":"en_US","og_type":"article","og_title":"INNOVATeiC-CVR | Azigrene","og_description":"Project carried out with the help of the Valencian Institute of Business Competitiveness under the SME Innovation action.","og_url":"https:\/\/azigrene.es\/en\/innovateic-cv\/","og_site_name":"Azigrene","article_modified_time":"2024-01-13T10:32:18+00:00","og_image":[{"url":"https:\/\/azigrene.es\/wp-content\/uploads\/2023\/09\/logo-GVA-IVACE.png","type":"","width":"","height":""}],"twitter_card":"summary_large_image","schema":{"@context":"https:\/\/schema.org","@graph":[{"@type":"WebPage","@id":"https:\/\/azigrene.es\/en\/innovateic-cv\/","url":"https:\/\/azigrene.es\/en\/innovateic-cv\/","name":"INNOVATeiC-CVR | Azigrene","isPartOf":{"@id":"https:\/\/azigrene.es\/en\/#website"},"primaryImageOfPage":{"@id":"https:\/\/azigrene.es\/en\/innovateic-cv\/#primaryimage"},"image":{"@id":"https:\/\/azigrene.es\/en\/innovateic-cv\/#primaryimage"},"thumbnailUrl":"https:\/\/azigrene.es\/wp-content\/uploads\/2023\/09\/logo-GVA-IVACE.png","datePublished":"2023-09-20T13:28:32+00:00","dateModified":"2024-01-13T10:32:18+00:00","description":"Project carried out with the help of the Valencian Institute of Business Competitiveness under the SME Innovation action.","breadcrumb":{"@id":"https:\/\/azigrene.es\/en\/innovateic-cv\/#breadcrumb"},"inLanguage":"en-US","potentialAction":[{"@type":"ReadAction","target":["https:\/\/azigrene.es\/en\/innovateic-cv\/"]}]},{"@type":"ImageObject","inLanguage":"en-US","@id":"https:\/\/azigrene.es\/en\/innovateic-cv\/#primaryimage","url":"https:\/\/azigrene.es\/wp-content\/uploads\/2023\/09\/logo-GVA-IVACE.png","contentUrl":"https:\/\/azigrene.es\/wp-content\/uploads\/2023\/09\/logo-GVA-IVACE.png"},{"@type":"BreadcrumbList","@id":"https:\/\/azigrene.es\/en\/innovateic-cv\/#breadcrumb","itemListElement":[{"@type":"ListItem","position":1,"name":"Portada","item":"https:\/\/azigrene.es\/en\/"},{"@type":"ListItem","position":2,"name":"INNOVATeiC-CV"}]},{"@type":"WebSite","@id":"https:\/\/azigrene.es\/en\/#website","url":"https:\/\/azigrene.es\/en\/","name":"Azigrene","description":"","publisher":{"@id":"https:\/\/azigrene.es\/en\/#organization"},"potentialAction":[{"@type":"SearchAction","target":{"@type":"EntryPoint","urlTemplate":"https:\/\/azigrene.es\/en\/?s={search_term_string}"},"query-input":{"@type":"PropertyValueSpecification","valueRequired":true,"valueName":"search_term_string"}}],"inLanguage":"en-US"},{"@type":"Organization","@id":"https:\/\/azigrene.es\/en\/#organization","name":"Azigrene","url":"https:\/\/azigrene.es\/en\/","logo":{"@type":"ImageObject","inLanguage":"en-US","@id":"https:\/\/azigrene.es\/en\/#\/schema\/logo\/image\/","url":"https:\/\/azigrene.es\/wp-content\/uploads\/2022\/06\/empresa-logo.png","contentUrl":"https:\/\/azigrene.es\/wp-content\/uploads\/2022\/06\/empresa-logo.png","width":270,"height":72,"caption":"Azigrene"},"image":{"@id":"https:\/\/azigrene.es\/en\/#\/schema\/logo\/image\/"}}]}},"_links":{"self":[{"href":"https:\/\/azigrene.es\/en\/wp-json\/wp\/v2\/pages\/9350","targetHints":{"allow":["GET"]}}],"collection":[{"href":"https:\/\/azigrene.es\/en\/wp-json\/wp\/v2\/pages"}],"about":[{"href":"https:\/\/azigrene.es\/en\/wp-json\/wp\/v2\/types\/page"}],"author":[{"embeddable":true,"href":"https:\/\/azigrene.es\/en\/wp-json\/wp\/v2\/users\/2"}],"replies":[{"embeddable":true,"href":"https:\/\/azigrene.es\/en\/wp-json\/wp\/v2\/comments?post=9350"}],"version-history":[{"count":0,"href":"https:\/\/azigrene.es\/en\/wp-json\/wp\/v2\/pages\/9350\/revisions"}],"wp:attachment":[{"href":"https:\/\/azigrene.es\/en\/wp-json\/wp\/v2\/media?parent=9350"}],"curies":[{"name":"wp","href":"https:\/\/api.w.org\/{rel}","templated":true}]}}